{"id":5677,"date":"2018-12-25T14:59:47","date_gmt":"2018-12-25T14:59:47","guid":{"rendered":"https:\/\/arabesque.mikado-themes.com\/?page_id=5677"},"modified":"2021-06-16T00:54:10","modified_gmt":"2021-06-16T00:54:10","slug":"latin-dance","status":"publish","type":"page","link":"https:\/\/istanbuldancelife.com\/","title":{"rendered":"Latin Dance"},"content":{"rendered":"<p>[vc_row][vc_column][rev_slider_vc alias=&#8221;latin-dance&#8221; enable_paspartu=&#8221;no&#8221;][\/vc_column][\/vc_row][vc_row content_placement=&#8221;middle&#8221; row_btt_skin=&#8221;light&#8221; parallax_background_image=&#8221;7760&#8243; parallax_bg_speed=&#8221;0.1&#8243;][vc_column]<div class=\"mkdf-elements-holder  mkdf-eh-full-height mkdf-one-column  mkdf-responsive-mode-768 \" ><div class=\"mkdf-eh-item   mkdf-horizontal-alignment-center  \"  data-item-class=\"mkdf-eh-custom-8872\" data-1366-1600=\"30px 0px 40px 10%\" data-1024-1366=\"30px 0px 40px 10%\" data-768-1024=\"30px 0px 40px 10%\" data-680-768=\"30px 0px 40px 6%\" data-680=\"30px 0px 40px 4%\">\n\t<div class=\"mkdf-eh-item-inner\">\n\t\t<div class=\"mkdf-eh-item-content mkdf-eh-custom-8872\" style=\"padding: 30px 0px 30px 10%\">\n\t\t\t<div class=\"mkdf-section-title-holder   mkdf-st-reverse-order\" style=\"text-align: center\">\n\t<div class=\"mkdf-st-inner\">\n                                    <span class=\"mkdf-st-text\" style=\"color: #be0900;font-size: 80px;font-weight: 500\">\n                Dance is a conversation between body &amp; soul ...                <\/span>\n                                        <h2 class=\"mkdf-st-title\" style=\"color: #000000\">\n                Dans et!                <\/h2>\n                    \t<\/div>\n<\/div><div class=\"mkdf-separator-holder clearfix  mkdf-separator-left  mkdf-separator-animation-yes\" style=\"margin-top: 30px;margin-bottom: 40px\">\n\t    <div data-width=\"140px\" class=\"mkdf-separator\" style=\"border-color: #ffffff;width: 140px;border-bottom-width: 1px\"><\/div>\n\t<\/div>\n<a itemprop=\"url\" href=\"http:\/\/istanbuldancelife.com\/?page_id=318\" target=\"_self\" style=\"color: #ffffff\" class=\"mkdf-btn mkdf-btn-medium mkdf-btn-solid mkdf-btn-custom-hover-bg mkdf-btn-custom-border-hover mkdf-btn-custom-hover-color\" data-hover-color=\"#ffffff\" data-hover-bg-color=\"#a10800\" data-hover-border-color=\"#a10800\" >\n    <span class=\"mkdf-btn-text\">Aram\u0131za Kat\u0131l<\/span>\n\t<\/a>\t\t<\/div>\n\t<\/div>\n<\/div><\/div>[\/vc_column][\/vc_row][vc_row gap=&#8221;30&#8243; content_placement=&#8221;top&#8221; row_content_width=&#8221;grid&#8221; css=&#8221;.vc_custom_1577482004159{padding-top: 30px !important;padding-bottom: 30px !important;}&#8221;][vc_column width=&#8221;1\/2&#8243; offset=&#8221;vc_col-lg-6 vc_col-md-12&#8243;]<div class=\"mkdf-section-title-holder   mkdf-st-reverse-order\" >\n\t<div class=\"mkdf-st-inner\">\n                                    <span class=\"mkdf-st-text\" style=\"color: #be0900\">\n                Dance Life                <\/span>\n                                        <h2 class=\"mkdf-st-title\" >\n                Sosyal Latin Dans Dersleri<br \/>\n(Salsa &amp; Bachata &amp; KIzomba)                <\/h2>\n                    \t<\/div>\n<\/div><div class=\"mkdf-separator-holder clearfix  mkdf-separator-left  mkdf-separator-animation-yes\" style=\"margin-top: 30px;margin-bottom: 30px\">\n\t    <div data-width=\"140px\" class=\"mkdf-separator\" style=\"border-color: #000000;width: 140px;border-bottom-width: 1px\"><\/div>\n\t<\/div>\n[vc_column_text]Istanbul Dance Life ile Dans etmeye ve e\u011flenmeye haz\u0131r m\u0131s\u0131n\u0131z? Deneyimli e\u011fitmenlerimiz ile sosyal latin danslar\u0131 ve bir \u00e7ok bran\u015fta dans etmeyi \u00f6\u011frenip sosyal aktivitelere kat\u0131larak hayat\u0131n\u0131za yepyeni bir sayfa a\u00e7acaks\u0131n\u0131z. \u0130stanbul&#8217;un en merkezi ve en nezih b\u00f6lgelerinden olan Be\u015fikta\u015f&#8217;ta bulunan okulumuza bekliyoruz[\/vc_column_text][\/vc_column][vc_column width=&#8221;1\/2&#8243;]<div class=\"mkdf-single-image-holder   mkdf-has-box-shadow \">\n    <div class=\"mkdf-si-inner\" >\n                                    <img loading=\"lazy\" decoding=\"async\" width=\"868\" height=\"800\" src=\"https:\/\/istanbuldancelife.com\/wp-content\/uploads\/2019\/12\/kalp.png\" class=\"attachment-full size-full\" alt=\"istanbul dance life\" srcset=\"https:\/\/istanbuldancelife.com\/wp-content\/uploads\/2019\/12\/kalp.png 868w, https:\/\/istanbuldancelife.com\/wp-content\/uploads\/2019\/12\/kalp-300x276.png 300w, https:\/\/istanbuldancelife.com\/wp-content\/uploads\/2019\/12\/kalp-768x708.png 768w\" sizes=\"auto, (max-width: 868px) 100vw, 868px\" \/>                        <\/div>\n<\/div>[\/vc_column][\/vc_row][vc_row gap=&#8221;30&#8243; content_placement=&#8221;top&#8221; row_content_width=&#8221;grid&#8221; css=&#8221;.vc_custom_1577482004159{padding-top: 30px !important;padding-bottom: 30px !important;}&#8221;][vc_column width=&#8221;1\/2&#8243; offset=&#8221;vc_col-lg-6 vc_col-md-12&#8243;]<div class=\"mkdf-single-image-holder   mkdf-has-box-shadow \">\n    <div class=\"mkdf-si-inner\" >\n                                    <img loading=\"lazy\" decoding=\"async\" width=\"960\" height=\"960\" src=\"https:\/\/istanbuldancelife.com\/wp-content\/uploads\/2019\/12\/bachata.png\" class=\"attachment-full size-full\" alt=\"Bachata\" srcset=\"https:\/\/istanbuldancelife.com\/wp-content\/uploads\/2019\/12\/bachata.png 960w, https:\/\/istanbuldancelife.com\/wp-content\/uploads\/2019\/12\/bachata-300x300.png 300w, https:\/\/istanbuldancelife.com\/wp-content\/uploads\/2019\/12\/bachata-150x150.png 150w, https:\/\/istanbuldancelife.com\/wp-content\/uploads\/2019\/12\/bachata-768x768.png 768w, https:\/\/istanbuldancelife.com\/wp-content\/uploads\/2019\/12\/bachata-550x550.png 550w\" sizes=\"auto, (max-width: 960px) 100vw, 960px\" \/>                        <\/div>\n<\/div>[\/vc_column][vc_column width=&#8221;1\/2&#8243;]<div class=\"mkdf-elements-holder   mkdf-one-column  mkdf-responsive-mode-1024 mkdf-one-column-alignment-center\" ><div class=\"mkdf-eh-item     \"  data-item-class=\"mkdf-eh-custom-5361\" data-1366-1600=\"15px 0px 40px\" data-1024-1366=\"15px 0px 40px\" data-768-1024=\"15px 86px 40px\">\n\t<div class=\"mkdf-eh-item-inner\">\n\t\t<div class=\"mkdf-eh-item-content mkdf-eh-custom-5361\" style=\"padding: 30px 0px 40px\">\n\t\t\t<div class=\"mkdf-section-title-holder   mkdf-st-reverse-order\" >\n\t<div class=\"mkdf-st-inner\">\n                                    <span class=\"mkdf-st-text\" style=\"color: #be0900\">\n                Partneri ile gelene %10 indirim                <\/span>\n                                        <h2 class=\"mkdf-st-title\" style=\"color: #000000\">\n                Kampanyam\u0131z\u0131 Ka\u00e7\u0131rmay\u0131n                <\/h2>\n                    \t<\/div>\n<\/div><div class=\"mkdf-separator-holder clearfix  mkdf-separator-left  mkdf-separator-animation-yes\" style=\"margin-top: 30px;margin-bottom: 29px\">\n\t    <div data-width=\"140px\" class=\"mkdf-separator\" style=\"border-color: #ffffff;width: 140px;border-bottom-width: 1px\"><\/div>\n\t<\/div>\n[vc_column_text]<span style=\"color: #858585; font-size: 20px; line-height: 32px;\">Sosyal Latin Danslar\u0131na partneri ile gelenlere ilk 3 ay boyunca %10 indirimimiz bulunmaktad\u0131r.<\/span>[\/vc_column_text][vc_empty_space height=&#8221;31px&#8221;]<a itemprop=\"url\" href=\"http:\/\/istanbuldancelife.com\/?page_id=318\" target=\"_self\" style=\"color: #ffffff\" class=\"mkdf-btn mkdf-btn-medium mkdf-btn-solid mkdf-btn-custom-hover-bg mkdf-btn-custom-border-hover mkdf-btn-custom-hover-color\" data-hover-color=\"#ffffff\" data-hover-bg-color=\"#a10800\" data-hover-border-color=\"#a10800\" >\n    <span class=\"mkdf-btn-text\">Hemen Kay\u0131t Olun<\/span>\n\t<\/a>\t\t<\/div>\n\t<\/div>\n<\/div><\/div>[\/vc_column][\/vc_row]<\/p>\n","protected":false},"excerpt":{"rendered":"<p>[vc_row][vc_column][rev_slider_vc alias=&#8221;latin-dance&#8221; enable_paspartu=&#8221;no&#8221;][\/vc_column][\/vc_row][vc_row content_placement=&#8221;middle&#8221; row_btt_skin=&#8221;light&#8221; parallax_background_image=&#8221;7760&#8243; parallax_bg_speed=&#8221;0.1&#8243;][vc_column][\/vc_column][\/vc_row][vc_row gap=&#8221;30&#8243; content_placement=&#8221;top&#8221; row_content_width=&#8221;grid&#8221; css=&#8221;.vc_custom_1577482004159{padding-top: 30px !important;padding-bottom: 30px !important;}&#8221;][vc_column width=&#8221;1\/2&#8243; offset=&#8221;vc_col-lg-6 vc_col-md-12&#8243;][vc_column_text]Istanbul Dance Life ile Dans etmeye ve e\u011flenmeye haz\u0131r m\u0131s\u0131n\u0131z? Deneyimli e\u011fitmenlerimiz ile sosyal latin danslar\u0131 ve bir \u00e7ok bran\u015fta dans etmeyi \u00f6\u011frenip [&hellip;]<\/p>\n","protected":false},"author":1,"featured_media":0,"parent":0,"menu_order":0,"comment_status":"closed","ping_status":"closed","template":"full-width.php","meta":{"footnotes":""},"class_list":["post-5677","page","type-page","status-publish","hentry"],"_links":{"self":[{"href":"https:\/\/istanbuldancelife.com\/index.php?rest_route=\/wp\/v2\/pages\/5677","targetHints":{"allow":["GET"]}}],"collection":[{"href":"https:\/\/istanbuldancelife.com\/index.php?rest_route=\/wp\/v2\/pages"}],"about":[{"href":"https:\/\/istanbuldancelife.com\/index.php?rest_route=\/wp\/v2\/types\/page"}],"author":[{"embeddable":true,"href":"https:\/\/istanbuldancelife.com\/index.php?rest_route=\/wp\/v2\/users\/1"}],"replies":[{"embeddable":true,"href":"https:\/\/istanbuldancelife.com\/index.php?rest_route=%2Fwp%2Fv2%2Fcomments&post=5677"}],"version-history":[{"count":46,"href":"https:\/\/istanbuldancelife.com\/index.php?rest_route=\/wp\/v2\/pages\/5677\/revisions"}],"predecessor-version":[{"id":8573,"href":"https:\/\/istanbuldancelife.com\/index.php?rest_route=\/wp\/v2\/pages\/5677\/revisions\/8573"}],"wp:attachment":[{"href":"https:\/\/istanbuldancelife.com\/index.php?rest_route=%2Fwp%2Fv2%2Fmedia&parent=5677"}],"curies":[{"name":"wp","href":"https:\/\/api.w.org\/{rel}","templated":true}]}}